{"id":53,"date":"2013-01-15T22:54:17","date_gmt":"2013-01-15T20:54:17","guid":{"rendered":"https:\/\/casino-gesellschaft-oldenburg.org\/wp1\/?page_id=53"},"modified":"2015-04-30T17:29:27","modified_gmt":"2015-04-30T15:29:27","slug":"partner","status":"publish","type":"page","link":"https:\/\/casino-gesellschaft-oldenburg.de\/?page_id=53","title":{"rendered":"Links"},"content":{"rendered":"<ul type=\"disc\">\n<li>\n<h4 class=\"r\"><a href=\"http:\/\/www.google.de\/url?sa=t&amp;rct=j&amp;q=&amp;esrc=s&amp;source=web&amp;cd=1&amp;ved=0CCQQFjAA&amp;url=http%3A%2F%2Fde.wikipedia.org%2Fwiki%2FCasinogesellschaft&amp;ei=eEhCVcKTHNHmava-gLAH&amp;usg=AFQjCNH60fFSgyI7qj2-t-4fPOAVxPFFhg&amp;bvm=bv.92189499,d.d2s&amp;cad=rja\">Casinogesellschaft \u2013 Wikipedia<\/a><\/h4>\n<\/li>\n<li><a title=\"Club Aachener Casino\" href=\"http:\/\/de.wikipedia.org\/wiki\/Club_Aachener_Casino\" target=\"_blank\">Club Aachener Casino<\/a><\/li>\n<li><a href=\"https:\/\/www.casinogesellschaft-1786.de\" target=\"_blank\">Casino-Gesellschaft in Berlin<\/a><\/li>\n<li><a href=\"https:\/\/www.casino-coblenz.de\/\" target=\"_blank\">Casino zu Coblenz<\/a><\/li>\n<li><a href=\"https:\/\/www.casino-gesellschaft.de\" target=\"_blank\">G<\/a><a href=\"http:\/\/www.gesellschaft-casino-dortmund.de\" target=\"_blank\">esellschaft Casino zu Dortmund<\/a><\/li>\n<li><a href=\"http:\/\/www.gesellschaft-casino.com\" target=\"_blank\">Casino-Gesellschaft zu M\u00fclheim an der Ruhr von 1842<\/a><\/li>\n<li><a href=\"https:\/\/www.casino-gesellschaft.de\" target=\"_blank\">Wiesbadener Casino-Gesellschaft<\/a><\/li>\n<li><a href=\"https:\/\/casino-gesellschaft-oldenburg.org\" target=\"_blank\">Casino-Gesellschaft Oldenburg<\/a><\/li>\n<li><a title=\"Oldenburg (Oldenburg)\" href=\"http:\/\/de.wikipedia.org\/wiki\/Oldenburg_(Oldenburg)\" target=\"_blank\">Oldenburg<\/a><\/li>\n<li><a href=\"http:\/\/de.wikipedia.org\/wiki\/Oldenburg_(Land)\" target=\"_blank\">Oldenburg (Land)<\/a><\/li>\n<li><a href=\"http:\/\/www.oldenburg.de\/?id=2945\" target=\"_blank\">Die Zeit der Herz\u00f6ge und Gro\u00dfherz\u00f6ge <\/a><\/li>\n<li><a href=\"https:\/\/casino-gesellschaft-oldenburg.de\/wp-content\/uploads\/2013\/01\/Casino-Gesellschaft-Oldenburg-Festvortrag-2010.pdf\" target=\"_blank\">Festvortrag von Prof. Dr. Gerd Steinwascher:\u00a0 &#8222;Aufgekl\u00e4rtes B\u00fcrgertum\u00a0im absolutistischen Herzogtum &#8211; die Anf\u00e4nge der Casino-Gesellschaft Oldenburg&#8220;<\/a><\/li>\n<li><a href=\"https:\/\/casino-gesellschaft-oldenburg.de\/wp-content\/uploads\/2014\/12\/225erFestschrift.pdf\" target=\"_blank\">Chronik 225 Jahre Casiono-Gesellschaft Oldenburg<\/a> (PDF, 46 MB)<\/li>\n<\/ul>\n","protected":false},"excerpt":{"rendered":"<p>Casinogesellschaft \u2013 Wikipedia Club Aachener Casino Casino-Gesellschaft in Berlin Casino zu Coblenz Gesellschaft Casino zu Dortmund Casino-Gesellschaft zu M\u00fclheim an der Ruhr von 1842 Wiesbadener Casino-Gesellschaft Casino-Gesellschaft Oldenburg Oldenburg Oldenburg (Land) Die Zeit der Herz\u00f6ge und Gro\u00dfherz\u00f6ge Festvortrag von Prof. Dr. Gerd Steinwascher:\u00a0 &#8222;Aufgekl\u00e4rtes B\u00fcrgertum\u00a0im absolutistischen Herzogtum &#8211; die Anf\u00e4nge &#8230;<\/p>\n","protected":false},"author":13,"featured_media":0,"parent":0,"menu_order":0,"comment_status":"closed","ping_status":"closed","template":"","meta":{"ngg_post_thumbnail":0,"footnotes":""},"class_list":["post-53","page","type-page","status-publish","hentry","column","onecol"],"_links":{"self":[{"href":"https:\/\/casino-gesellschaft-oldenburg.de\/index.php?rest_route=\/wp\/v2\/pages\/53","targetHints":{"allow":["GET"]}}],"collection":[{"href":"https:\/\/casino-gesellschaft-oldenburg.de\/index.php?rest_route=\/wp\/v2\/pages"}],"about":[{"href":"https:\/\/casino-gesellschaft-oldenburg.de\/index.php?rest_route=\/wp\/v2\/types\/page"}],"author":[{"embeddable":true,"href":"https:\/\/casino-gesellschaft-oldenburg.de\/index.php?rest_route=\/wp\/v2\/users\/13"}],"replies":[{"embeddable":true,"href":"https:\/\/casino-gesellschaft-oldenburg.de\/index.php?rest_route=%2Fwp%2Fv2%2Fcomments&post=53"}],"version-history":[{"count":38,"href":"https:\/\/casino-gesellschaft-oldenburg.de\/index.php?rest_route=\/wp\/v2\/pages\/53\/revisions"}],"predecessor-version":[{"id":1848,"href":"https:\/\/casino-gesellschaft-oldenburg.de\/index.php?rest_route=\/wp\/v2\/pages\/53\/revisions\/1848"}],"wp:attachment":[{"href":"https:\/\/casino-gesellschaft-oldenburg.de\/index.php?rest_route=%2Fwp%2Fv2%2Fmedia&parent=53"}],"curies":[{"name":"wp","href":"https:\/\/api.w.org\/{rel}","templated":true}]}}