{"id":6,"date":"2013-01-15T22:38:36","date_gmt":"2013-01-15T20:38:36","guid":{"rendered":"https:\/\/casino-gesellschaft-oldenburg.org\/wp1\/?page_id=6"},"modified":"2013-12-25T16:26:17","modified_gmt":"2013-12-25T15:26:17","slug":"6-2","status":"publish","type":"page","link":"https:\/\/casino-gesellschaft-oldenburg.de\/","title":{"rendered":""},"content":{"rendered":"<div style=\"text-align: center;\"><span style=\"font-family: verdana; font-size: large;\"><strong>Herzlich willkommen <\/strong><\/span><\/div>\n<div style=\"text-align: center;\"><span style=\"font-family: verdana; font-size: large;\"><strong>bei der Casino-Gesellschaft Oldenburg<\/strong><\/span><\/div>\n<div>\n<p>&nbsp;<\/p>\n<div>\n<table width=\"350\" border=\"0\" cellspacing=\"0\" cellpadding=\"0\">\n<tbody>\n<tr>\n<td colspan=\"1\"><\/td>\n<\/tr>\n<tr>\n<td valign=\"top\"><img loading=\"lazy\" decoding=\"async\" title=\"\" alt=\"\" src=\"https:\/\/www.casino-gesellschaft-oldenburg.de\/wp-content\/uploads\/geschichte\/Casinohaus_neu.jpg\" width=\"350\" height=\"187\" align=\"top\" border=\"0\" \/><\/td>\n<\/tr>\n<\/tbody>\n<\/table>\n<\/div>\n<p align=\"justify\">Die Gesellschaft wurde vor mehr als 200 Jahren am 10. Januar 1785 gegr\u00fcndet und organisiert seit dieser Zeit niveauvolle Veranstaltungen mit einer gepflegten Geselligkeit. Mitglieder sind Unternehmer, Kaufleute, Angeh\u00f6rige der Bundeswehr und Akademiker aus verschiedenen Berufen durch alle Altersgruppen. Das Veranstaltungsprogramm wird gepr\u00e4gt durch Vortr\u00e4ge zu allen Fragen des gesellschaftlichen Lebens, Museums- und Firmenbesuche, Tagesfahrten und mehrt\u00e4gige Reisen sowie jahreszeitlich vorgegebene Feste zur Kohlfahrt- und Spargelzeit. Der H\u00f6hepunkt des Jahres ist der stilvolle Adventsball am Sonnabend vor dem 1. Advent.<\/p>\n<p><img loading=\"lazy\" decoding=\"async\" title=\"\" alt=\"\" src=\"https:\/\/www.casino-gesellschaft-oldenburg.de\/clear.gif\" width=\"1\" height=\"10\" border=\"0\" \/><br \/>\n<a name=\"41\"><\/a><\/p>\n<p align=\"justify\">Als Mitglied der Casino-Gesellschaft-Oldenburg k\u00f6nnen Sie sich nach erfolgter Registrierung im rechten Bereich unter Angabe Ihres Mitgliedernamens und Ihres Passwortes anmelden und auf den erweiterten Funktionsumfang der Internetseite zugreifen.<\/p>\n<p><img loading=\"lazy\" decoding=\"async\" title=\"\" alt=\"\" src=\"https:\/\/www.casino-gesellschaft-oldenburg.de\/clear.gif\" width=\"1\" height=\"10\" border=\"0\" \/><\/p>\n<\/div>\n","protected":false},"excerpt":{"rendered":"<p>Herzlich willkommen bei der Casino-Gesellschaft Oldenburg &nbsp; Die Gesellschaft wurde vor mehr als 200 Jahren am 10. Januar 1785 gegr\u00fcndet und organisiert seit dieser Zeit niveauvolle Veranstaltungen mit einer gepflegten Geselligkeit. Mitglieder sind Unternehmer, Kaufleute, Angeh\u00f6rige der Bundeswehr und Akademiker aus verschiedenen Berufen durch alle Altersgruppen. Das Veranstaltungsprogramm wird gepr\u00e4gt &#8230;<\/p>\n","protected":false},"author":13,"featured_media":0,"parent":0,"menu_order":0,"comment_status":"closed","ping_status":"closed","template":"","meta":{"ngg_post_thumbnail":0,"footnotes":""},"class_list":["post-6","page","type-page","status-publish","hentry","column","onecol"],"_links":{"self":[{"href":"https:\/\/casino-gesellschaft-oldenburg.de\/index.php?rest_route=\/wp\/v2\/pages\/6","targetHints":{"allow":["GET"]}}],"collection":[{"href":"https:\/\/casino-gesellschaft-oldenburg.de\/index.php?rest_route=\/wp\/v2\/pages"}],"about":[{"href":"https:\/\/casino-gesellschaft-oldenburg.de\/index.php?rest_route=\/wp\/v2\/types\/page"}],"author":[{"embeddable":true,"href":"https:\/\/casino-gesellschaft-oldenburg.de\/index.php?rest_route=\/wp\/v2\/users\/13"}],"replies":[{"embeddable":true,"href":"https:\/\/casino-gesellschaft-oldenburg.de\/index.php?rest_route=%2Fwp%2Fv2%2Fcomments&post=6"}],"version-history":[{"count":24,"href":"https:\/\/casino-gesellschaft-oldenburg.de\/index.php?rest_route=\/wp\/v2\/pages\/6\/revisions"}],"predecessor-version":[{"id":2272,"href":"https:\/\/casino-gesellschaft-oldenburg.de\/index.php?rest_route=\/wp\/v2\/pages\/6\/revisions\/2272"}],"wp:attachment":[{"href":"https:\/\/casino-gesellschaft-oldenburg.de\/index.php?rest_route=%2Fwp%2Fv2%2Fmedia&parent=6"}],"curies":[{"name":"wp","href":"https:\/\/api.w.org\/{rel}","templated":true}]}}